{"id":19,"date":"2022-10-19T15:11:15","date_gmt":"2022-10-19T13:11:15","guid":{"rendered":"http:\/\/www.marchands-de-biens.com\/?page_id=19"},"modified":"2024-02-16T15:34:42","modified_gmt":"2024-02-16T14:34:42","slug":"accueil-marchands-de-biens-mdb","status":"publish","type":"page","link":"https:\/\/www.marchands-de-biens.com\/","title":{"rendered":"Accueil"},"content":{"rendered":"\n<div class=\"wp-block-cover alignfull is-light hestia-clear-top-padding\"><span aria-hidden=\"true\" class=\"wp-block-cover__background has-white-background-color has-background-dim-100 has-background-dim\"><\/span><div class=\"wp-block-cover__inner-container is-layout-flow wp-block-cover-is-layout-flow\">\n<h2 class=\"has-text-align-center has-text-color wp-block-heading\" style=\"color:#3c4858\">Notre accompagnement<\/h2>\n\n\n\n<div style=\"height:40px\" aria-hidden=\"true\" class=\"wp-block-spacer\"><\/div>\n\n\n\n<div class=\"wp-block-columns container is-layout-flex wp-container-core-columns-is-layout-9d6595d7 wp-block-columns-is-layout-flex\">\n<div class=\"wp-block-column is-layout-flow wp-block-column-is-layout-flow\"><div class=\"wp-block-image\">\n<figure class=\"aligncenter size-large\"><img decoding=\"async\" src=\"https:\/\/www.marchands-de-biens.com\/wp-content\/themes\/hestia\/assets\/img\/feat1.png\" alt=\"\" class=\"wp-image-70\"\/><\/figure>\n<\/div>\n\n\n<h5 class=\"has-text-align-center has-text-color wp-block-heading\" style=\"color:#3c4858;font-size:18px\">Fiscalit\u00e9<\/h5>\n\n\n\n<p class=\"has-text-align-center has-text-color\" style=\"color:#999999;font-size:14px\">Nous vous accompagnons dans toute la partie fiscale, au niveau des d\u00e9clarations courantes et surtout par des conseils fiscaux pour vous aider \u00e0 tirer le meilleur parti de chaque op\u00e9ration.<\/p>\n\n\n\n<div style=\"height:25px\" aria-hidden=\"true\" class=\"wp-block-spacer\"><\/div>\n<\/div>\n\n\n\n<div class=\"wp-block-column is-layout-flow wp-block-column-is-layout-flow\"><div class=\"wp-block-image\">\n<figure class=\"aligncenter size-large\"><img decoding=\"async\" src=\"https:\/\/www.marchands-de-biens.com\/wp-content\/themes\/hestia\/assets\/img\/feat2.png\" alt=\"\" class=\"wp-image-71\"\/><\/figure>\n<\/div>\n\n\n<h5 class=\"has-text-align-center has-text-color wp-block-heading\" style=\"color:#3c4858;font-size:18px\">Comptabilit\u00e9<\/h5>\n\n\n\n<p class=\"has-text-align-center has-text-color\" style=\"color:#999999;font-size:14px\">Nous vous accompagnons au niveau comptable, gr\u00e2ce \u00e0 une comptabilit\u00e9 enti\u00e8rement digitalis\u00e9e et \u00e0 co\u00fbt maitris\u00e9.<\/p>\n\n\n\n<div style=\"height:25px\" aria-hidden=\"true\" class=\"wp-block-spacer\"><\/div>\n<\/div>\n\n\n\n<div class=\"wp-block-column is-layout-flow wp-block-column-is-layout-flow\"><div class=\"wp-block-image\">\n<figure class=\"aligncenter size-large\"><img decoding=\"async\" src=\"https:\/\/www.marchands-de-biens.com\/wp-content\/themes\/hestia\/assets\/img\/feat3.png\" alt=\"\" class=\"wp-image-72\"\/><\/figure>\n<\/div>\n\n\n<h5 class=\"has-text-align-center has-text-color wp-block-heading\" style=\"color:#3c4858;font-size:18px\">Social<\/h5>\n\n\n\n<p class=\"has-text-align-center has-text-color\" style=\"color:#999999;font-size:14px\">Recrutez en toute tranquillit\u00e9, nous nous occupons de vos t\u00e2ches administratives et nous vous accompagnons dans les diff\u00e9rentes d\u00e9marches \u00e0 entreprendre<\/p>\n\n\n\n<div style=\"height:25px\" aria-hidden=\"true\" class=\"wp-block-spacer\"><\/div>\n<\/div>\n\n\n\n<div class=\"wp-block-column is-layout-flow wp-block-column-is-layout-flow\"><div class=\"wp-block-image\">\n<figure class=\"aligncenter size-large\"><img decoding=\"async\" src=\"https:\/\/www.marchands-de-biens.com\/wp-content\/themes\/hestia\/assets\/img\/feat1.png\" alt=\"\" class=\"wp-image-70\"\/><\/figure>\n<\/div>\n\n\n<h5 class=\"has-text-align-center has-text-color wp-block-heading\" style=\"color:#3c4858;font-size:18px\">Juridique<\/h5>\n\n\n\n<p class=\"has-text-align-center has-text-color\" style=\"color:#999999;font-size:14px\">Nous vous accompagnons au niveau juridique dans la r\u00e9alisation de vos d\u00e9marches juridiques.<\/p>\n\n\n\n<div style=\"height:25px\" aria-hidden=\"true\" class=\"wp-block-spacer\"><\/div>\n<\/div>\n\n\n\n<div class=\"wp-block-column is-layout-flow wp-block-column-is-layout-flow\"><div class=\"wp-block-image\">\n<figure class=\"aligncenter size-large\"><img decoding=\"async\" src=\"https:\/\/www.marchands-de-biens.com\/wp-content\/themes\/hestia\/assets\/img\/feat2.png\" alt=\"\" class=\"wp-image-71\"\/><\/figure>\n<\/div>\n\n\n<h5 class=\"has-text-align-center has-text-color wp-block-heading\" style=\"color:#3c4858;font-size:18px\">Financier<\/h5>\n\n\n\n<p class=\"has-text-align-center has-text-color\" style=\"color:#999999;font-size:14px\">Nous vous accompagnons dans le financement de vos op\u00e9rations et votre strat\u00e9gie financi\u00e8re.<\/p>\n\n\n\n<div style=\"height:25px\" aria-hidden=\"true\" class=\"wp-block-spacer\"><\/div>\n<\/div>\n<\/div>\n\n\n\n<div style=\"height:40px\" aria-hidden=\"true\" class=\"wp-block-spacer\"><\/div>\n<\/div><\/div>\n\n\n\n<div class=\"wp-block-columns container is-layout-flex wp-container-core-columns-is-layout-9d6595d7 wp-block-columns-is-layout-flex\">\n<div class=\"wp-block-column col-md-5 is-layout-flow wp-block-column-is-layout-flow\">\n<div style=\"height:55px\" aria-hidden=\"true\" class=\"wp-block-spacer\"><\/div>\n\n\n\n<h2 class=\"wp-block-heading\">A propos<\/h2>\n\n\n\n<p>Nous sommes experts-comptables et travaillons essentiellement avec des marchands de biens<\/p>\n<\/div>\n\n\n\n<div class=\"wp-block-column col-md-6 col-md-offset1 is-layout-flow wp-block-column-is-layout-flow\">\n<div style=\"height:55px\" aria-hidden=\"true\" class=\"wp-block-spacer\"><\/div>\n\n\n<div class=\"wp-block-image\">\n<figure class=\"aligncenter size-large is-resized\"><img decoding=\"async\" src=\"https:\/\/www.marchands-de-biens.com\/wp-content\/uploads\/2022\/10\/tierra-mallorca-rgJ1J8SDEAY-unsplash-1024x769.jpg\" alt=\"\" class=\"wp-image-61\" width=\"214\" height=\"160\" srcset=\"https:\/\/www.marchands-de-biens.com\/wp-content\/uploads\/2022\/10\/tierra-mallorca-rgJ1J8SDEAY-unsplash-1024x769.jpg 1024w, https:\/\/www.marchands-de-biens.com\/wp-content\/uploads\/2022\/10\/tierra-mallorca-rgJ1J8SDEAY-unsplash-300x225.jpg 300w, https:\/\/www.marchands-de-biens.com\/wp-content\/uploads\/2022\/10\/tierra-mallorca-rgJ1J8SDEAY-unsplash-768x577.jpg 768w, https:\/\/www.marchands-de-biens.com\/wp-content\/uploads\/2022\/10\/tierra-mallorca-rgJ1J8SDEAY-unsplash-1536x1153.jpg 1536w, https:\/\/www.marchands-de-biens.com\/wp-content\/uploads\/2022\/10\/tierra-mallorca-rgJ1J8SDEAY-unsplash-2048x1538.jpg 2048w\" sizes=\"(max-width: 214px) 100vw, 214px\" \/><\/figure>\n<\/div>\n\n\n<p><\/p>\n<\/div>\n<\/div>\n","protected":false},"excerpt":{"rendered":"<p>A propos Nous sommes experts-comptables et travaillons essentiellement avec des marchands de biens<\/p>\n","protected":false},"author":2,"featured_media":0,"parent":0,"menu_order":0,"comment_status":"closed","ping_status":"closed","template":"","meta":{"footnotes":""},"class_list":["post-19","page","type-page","status-publish","hentry"],"yoast_head":"<!-- This site is optimized with the Yoast SEO plugin v27.4 - https:\/\/yoast.com\/product\/yoast-seo-wordpress\/ -->\n<title>Accueil - MDB - Expert conseil des marchands de biens, par J\u00e9r\u00e9mie RUBAT expert-comptable.<\/title>\n<meta name=\"description\" content=\"Expert conseil des marchands de biens. Accompagnement fiscal, comptable, social, juridique et financier des marchands de biens (MDB).\" \/>\n<meta name=\"robots\" content=\"index, follow, max-snippet:-1, max-image-preview:large, max-video-preview:-1\" \/>\n<link rel=\"canonical\" href=\"https:\/\/www.marchands-de-biens.com\/\" \/>\n<meta property=\"og:locale\" content=\"fr_FR\" \/>\n<meta property=\"og:type\" content=\"article\" \/>\n<meta property=\"og:title\" content=\"Expert conseil des marchands de biens\" \/>\n<meta property=\"og:description\" content=\"Expert conseil des MDB. Accompagnement fiscal, comptable, social, juridique et financier des MDB\" \/>\n<meta property=\"og:url\" content=\"https:\/\/www.marchands-de-biens.com\/\" \/>\n<meta property=\"og:site_name\" content=\"Expert conseil des marchands de biens, par J\u00e9r\u00e9mie RUBAT expert-comptable.\" \/>\n<meta property=\"article:modified_time\" content=\"2024-02-16T14:34:42+00:00\" \/>\n<meta property=\"og:image\" content=\"https:\/\/www.marchands-de-biens.com\/wp-content\/uploads\/2022\/10\/Original-on-Transparent.png\" \/>\n\t<meta property=\"og:image:width\" content=\"5000\" \/>\n\t<meta property=\"og:image:height\" content=\"1741\" \/>\n\t<meta property=\"og:image:type\" content=\"image\/png\" \/>\n<meta name=\"twitter:card\" content=\"summary_large_image\" \/>\n<meta name=\"twitter:label1\" content=\"Dur\u00e9e de lecture estim\u00e9e\" \/>\n\t<meta name=\"twitter:data1\" content=\"2 minutes\" \/>\n<script type=\"application\/ld+json\" class=\"yoast-schema-graph\">{\"@context\":\"https:\\\/\\\/schema.org\",\"@graph\":[{\"@type\":\"WebPage\",\"@id\":\"https:\\\/\\\/www.marchands-de-biens.com\\\/\",\"url\":\"https:\\\/\\\/www.marchands-de-biens.com\\\/\",\"name\":\"Accueil - MDB - Expert conseil des marchands de biens, par J\u00e9r\u00e9mie RUBAT expert-comptable.\",\"isPartOf\":{\"@id\":\"https:\\\/\\\/www.marchands-de-biens.com\\\/#website\"},\"primaryImageOfPage\":{\"@id\":\"https:\\\/\\\/www.marchands-de-biens.com\\\/#primaryimage\"},\"image\":{\"@id\":\"https:\\\/\\\/www.marchands-de-biens.com\\\/#primaryimage\"},\"thumbnailUrl\":\"http:\\\/\\\/www.marchands-de-biens.com\\\/wp-content\\\/themes\\\/hestia\\\/assets\\\/img\\\/feat1.png\",\"datePublished\":\"2022-10-19T13:11:15+00:00\",\"dateModified\":\"2024-02-16T14:34:42+00:00\",\"description\":\"Expert conseil des marchands de biens. Accompagnement fiscal, comptable, social, juridique et financier des marchands de biens (MDB).\",\"breadcrumb\":{\"@id\":\"https:\\\/\\\/www.marchands-de-biens.com\\\/#breadcrumb\"},\"inLanguage\":\"fr-FR\",\"potentialAction\":[{\"@type\":\"ReadAction\",\"target\":[\"https:\\\/\\\/www.marchands-de-biens.com\\\/\"]}]},{\"@type\":\"ImageObject\",\"inLanguage\":\"fr-FR\",\"@id\":\"https:\\\/\\\/www.marchands-de-biens.com\\\/#primaryimage\",\"url\":\"http:\\\/\\\/www.marchands-de-biens.com\\\/wp-content\\\/themes\\\/hestia\\\/assets\\\/img\\\/feat1.png\",\"contentUrl\":\"http:\\\/\\\/www.marchands-de-biens.com\\\/wp-content\\\/themes\\\/hestia\\\/assets\\\/img\\\/feat1.png\"},{\"@type\":\"BreadcrumbList\",\"@id\":\"https:\\\/\\\/www.marchands-de-biens.com\\\/#breadcrumb\",\"itemListElement\":[{\"@type\":\"ListItem\",\"position\":1,\"name\":\"Accueil\",\"item\":\"https:\\\/\\\/www.marchands-de-biens.com\\\/\"},{\"@type\":\"ListItem\",\"position\":2,\"name\":\"Accueil\"}]},{\"@type\":\"WebSite\",\"@id\":\"https:\\\/\\\/www.marchands-de-biens.com\\\/#website\",\"url\":\"https:\\\/\\\/www.marchands-de-biens.com\\\/\",\"name\":\"Expert conseil des marchands de biens, par J\u00e9r\u00e9mie RUBAT expert-comptable.\",\"description\":\"Expert-conseil MDB. Des conseils pr\u00e9cieux pour une activit\u00e9 complexe\",\"publisher\":{\"@id\":\"https:\\\/\\\/www.marchands-de-biens.com\\\/#organization\"},\"potentialAction\":[{\"@type\":\"SearchAction\",\"target\":{\"@type\":\"EntryPoint\",\"urlTemplate\":\"https:\\\/\\\/www.marchands-de-biens.com\\\/?s={search_term_string}\"},\"query-input\":{\"@type\":\"PropertyValueSpecification\",\"valueRequired\":true,\"valueName\":\"search_term_string\"}}],\"inLanguage\":\"fr-FR\"},{\"@type\":\"Organization\",\"@id\":\"https:\\\/\\\/www.marchands-de-biens.com\\\/#organization\",\"name\":\"Expert conseil des marchands de biens, par J\u00e9r\u00e9mie RUBAT expert-comptable.\",\"url\":\"https:\\\/\\\/www.marchands-de-biens.com\\\/\",\"logo\":{\"@type\":\"ImageObject\",\"inLanguage\":\"fr-FR\",\"@id\":\"https:\\\/\\\/www.marchands-de-biens.com\\\/#\\\/schema\\\/logo\\\/image\\\/\",\"url\":\"https:\\\/\\\/www.marchands-de-biens.com\\\/wp-content\\\/uploads\\\/2022\\\/10\\\/Original-on-Transparent.png\",\"contentUrl\":\"https:\\\/\\\/www.marchands-de-biens.com\\\/wp-content\\\/uploads\\\/2022\\\/10\\\/Original-on-Transparent.png\",\"width\":5000,\"height\":1741,\"caption\":\"Expert conseil des marchands de biens, par J\u00e9r\u00e9mie RUBAT expert-comptable.\"},\"image\":{\"@id\":\"https:\\\/\\\/www.marchands-de-biens.com\\\/#\\\/schema\\\/logo\\\/image\\\/\"},\"sameAs\":[\"https:\\\/\\\/fr.linkedin.com\\\/in\\\/jrmie-rubat-laformationcomptable\"]}]}<\/script>\n<!-- \/ Yoast SEO plugin. -->","yoast_head_json":{"title":"Accueil - MDB - Expert conseil des marchands de biens, par J\u00e9r\u00e9mie RUBAT expert-comptable.","description":"Expert conseil des marchands de biens. Accompagnement fiscal, comptable, social, juridique et financier des marchands de biens (MDB).","robots":{"index":"index","follow":"follow","max-snippet":"max-snippet:-1","max-image-preview":"max-image-preview:large","max-video-preview":"max-video-preview:-1"},"canonical":"https:\/\/www.marchands-de-biens.com\/","og_locale":"fr_FR","og_type":"article","og_title":"Expert conseil des marchands de biens","og_description":"Expert conseil des MDB. Accompagnement fiscal, comptable, social, juridique et financier des MDB","og_url":"https:\/\/www.marchands-de-biens.com\/","og_site_name":"Expert conseil des marchands de biens, par J\u00e9r\u00e9mie RUBAT expert-comptable.","article_modified_time":"2024-02-16T14:34:42+00:00","og_image":[{"width":5000,"height":1741,"url":"https:\/\/www.marchands-de-biens.com\/wp-content\/uploads\/2022\/10\/Original-on-Transparent.png","type":"image\/png"}],"twitter_card":"summary_large_image","twitter_misc":{"Dur\u00e9e de lecture estim\u00e9e":"2 minutes"},"schema":{"@context":"https:\/\/schema.org","@graph":[{"@type":"WebPage","@id":"https:\/\/www.marchands-de-biens.com\/","url":"https:\/\/www.marchands-de-biens.com\/","name":"Accueil - MDB - Expert conseil des marchands de biens, par J\u00e9r\u00e9mie RUBAT expert-comptable.","isPartOf":{"@id":"https:\/\/www.marchands-de-biens.com\/#website"},"primaryImageOfPage":{"@id":"https:\/\/www.marchands-de-biens.com\/#primaryimage"},"image":{"@id":"https:\/\/www.marchands-de-biens.com\/#primaryimage"},"thumbnailUrl":"http:\/\/www.marchands-de-biens.com\/wp-content\/themes\/hestia\/assets\/img\/feat1.png","datePublished":"2022-10-19T13:11:15+00:00","dateModified":"2024-02-16T14:34:42+00:00","description":"Expert conseil des marchands de biens. Accompagnement fiscal, comptable, social, juridique et financier des marchands de biens (MDB).","breadcrumb":{"@id":"https:\/\/www.marchands-de-biens.com\/#breadcrumb"},"inLanguage":"fr-FR","potentialAction":[{"@type":"ReadAction","target":["https:\/\/www.marchands-de-biens.com\/"]}]},{"@type":"ImageObject","inLanguage":"fr-FR","@id":"https:\/\/www.marchands-de-biens.com\/#primaryimage","url":"http:\/\/www.marchands-de-biens.com\/wp-content\/themes\/hestia\/assets\/img\/feat1.png","contentUrl":"http:\/\/www.marchands-de-biens.com\/wp-content\/themes\/hestia\/assets\/img\/feat1.png"},{"@type":"BreadcrumbList","@id":"https:\/\/www.marchands-de-biens.com\/#breadcrumb","itemListElement":[{"@type":"ListItem","position":1,"name":"Accueil","item":"https:\/\/www.marchands-de-biens.com\/"},{"@type":"ListItem","position":2,"name":"Accueil"}]},{"@type":"WebSite","@id":"https:\/\/www.marchands-de-biens.com\/#website","url":"https:\/\/www.marchands-de-biens.com\/","name":"Expert conseil des marchands de biens, par J\u00e9r\u00e9mie RUBAT expert-comptable.","description":"Expert-conseil MDB. Des conseils pr\u00e9cieux pour une activit\u00e9 complexe","publisher":{"@id":"https:\/\/www.marchands-de-biens.com\/#organization"},"potentialAction":[{"@type":"SearchAction","target":{"@type":"EntryPoint","urlTemplate":"https:\/\/www.marchands-de-biens.com\/?s={search_term_string}"},"query-input":{"@type":"PropertyValueSpecification","valueRequired":true,"valueName":"search_term_string"}}],"inLanguage":"fr-FR"},{"@type":"Organization","@id":"https:\/\/www.marchands-de-biens.com\/#organization","name":"Expert conseil des marchands de biens, par J\u00e9r\u00e9mie RUBAT expert-comptable.","url":"https:\/\/www.marchands-de-biens.com\/","logo":{"@type":"ImageObject","inLanguage":"fr-FR","@id":"https:\/\/www.marchands-de-biens.com\/#\/schema\/logo\/image\/","url":"https:\/\/www.marchands-de-biens.com\/wp-content\/uploads\/2022\/10\/Original-on-Transparent.png","contentUrl":"https:\/\/www.marchands-de-biens.com\/wp-content\/uploads\/2022\/10\/Original-on-Transparent.png","width":5000,"height":1741,"caption":"Expert conseil des marchands de biens, par J\u00e9r\u00e9mie RUBAT expert-comptable."},"image":{"@id":"https:\/\/www.marchands-de-biens.com\/#\/schema\/logo\/image\/"},"sameAs":["https:\/\/fr.linkedin.com\/in\/jrmie-rubat-laformationcomptable"]}]}},"_links":{"self":[{"href":"https:\/\/www.marchands-de-biens.com\/index.php\/wp-json\/wp\/v2\/pages\/19","targetHints":{"allow":["GET"]}}],"collection":[{"href":"https:\/\/www.marchands-de-biens.com\/index.php\/wp-json\/wp\/v2\/pages"}],"about":[{"href":"https:\/\/www.marchands-de-biens.com\/index.php\/wp-json\/wp\/v2\/types\/page"}],"author":[{"embeddable":true,"href":"https:\/\/www.marchands-de-biens.com\/index.php\/wp-json\/wp\/v2\/users\/2"}],"replies":[{"embeddable":true,"href":"https:\/\/www.marchands-de-biens.com\/index.php\/wp-json\/wp\/v2\/comments?post=19"}],"version-history":[{"count":10,"href":"https:\/\/www.marchands-de-biens.com\/index.php\/wp-json\/wp\/v2\/pages\/19\/revisions"}],"predecessor-version":[{"id":156,"href":"https:\/\/www.marchands-de-biens.com\/index.php\/wp-json\/wp\/v2\/pages\/19\/revisions\/156"}],"wp:attachment":[{"href":"https:\/\/www.marchands-de-biens.com\/index.php\/wp-json\/wp\/v2\/media?parent=19"}],"curies":[{"name":"wp","href":"https:\/\/api.w.org\/{rel}","templated":true}]}}